{"id":34,"date":"2022-08-29T13:40:40","date_gmt":"2022-08-29T11:40:40","guid":{"rendered":"http:\/\/cbc76.fr\/?page_id=34"},"modified":"2022-08-29T13:40:40","modified_gmt":"2022-08-29T11:40:40","slug":"les-horaires","status":"publish","type":"page","link":"https:\/\/cbc76.fr\/?page_id=34","title":{"rendered":"Les horaires"},"content":{"rendered":"\n<p>Les s\u00e9ances adultes se font les lundi et jeudi de 20 heures \u00e0 22 heures (Les joueurs doivent quitter le Sporticaux pour 22 heures)<\/p>\n\n\n\n<p>Une s\u00e9ance le dimanche est mise en place de 10 heures \u00e0 12 heures (\u00e0 confirmer)<\/p>\n\n\n\n<p><em>Pour les s\u00e9ances Enfants et Ados : <\/em><\/p>\n\n\n\n<p>Pour les enfants de 6 ans \u00e0 11 ans inclus ; la s\u00e9ance a lieu le vendredi de 17h30 \u00e0 18h30<\/p>\n\n\n\n<p>Pour les Ados, la s\u00e9ance commence \u00e0 18h15 et se termine \u00e0 19h15<\/p>\n","protected":false},"excerpt":{"rendered":"<p>Les s\u00e9ances adultes se font les lundi et jeudi de 20 heures \u00e0 22 heures (Les joueurs doivent quitter le Sporticaux pour 22 heures) Une s\u00e9ance le dimanche est mise en place de 10 heures \u00e0 12 heures (\u00e0 confirmer) Pour les s\u00e9ances Enfants et Ados : Pour les enfants de 6 ans \u00e0 11 [&hellip;]<\/p>\n","protected":false},"author":1,"featured_media":0,"parent":0,"menu_order":0,"comment_status":"closed","ping_status":"closed","template":"","meta":{"footnotes":""},"class_list":["post-34","page","type-page","status-publish","hentry"],"_links":{"self":[{"href":"https:\/\/cbc76.fr\/index.php?rest_route=\/wp\/v2\/pages\/34","targetHints":{"allow":["GET"]}}],"collection":[{"href":"https:\/\/cbc76.fr\/index.php?rest_route=\/wp\/v2\/pages"}],"about":[{"href":"https:\/\/cbc76.fr\/index.php?rest_route=\/wp\/v2\/types\/page"}],"author":[{"embeddable":true,"href":"https:\/\/cbc76.fr\/index.php?rest_route=\/wp\/v2\/users\/1"}],"replies":[{"embeddable":true,"href":"https:\/\/cbc76.fr\/index.php?rest_route=%2Fwp%2Fv2%2Fcomments&post=34"}],"version-history":[{"count":1,"href":"https:\/\/cbc76.fr\/index.php?rest_route=\/wp\/v2\/pages\/34\/revisions"}],"predecessor-version":[{"id":35,"href":"https:\/\/cbc76.fr\/index.php?rest_route=\/wp\/v2\/pages\/34\/revisions\/35"}],"wp:attachment":[{"href":"https:\/\/cbc76.fr\/index.php?rest_route=%2Fwp%2Fv2%2Fmedia&parent=34"}],"curies":[{"name":"wp","href":"https:\/\/api.w.org\/{rel}","templated":true}]}}