{"id":28,"date":"2022-08-29T13:13:25","date_gmt":"2022-08-29T11:13:25","guid":{"rendered":"http:\/\/cbc76.fr\/?page_id=28"},"modified":"2024-01-19T09:38:15","modified_gmt":"2024-01-19T08:38:15","slug":"le-reglement-du-club","status":"publish","type":"page","link":"https:\/\/cbc76.fr\/?page_id=28","title":{"rendered":"Le r\u00e8glement du Club"},"content":{"rendered":"\n<ol class=\"wp-block-list\">\n<li>L\u2019arr\u00eat d\u2019une s\u00e9ance se fait \u00e0 21h50 (fermeture du Sporticaux \u00e0 22h)<br>Et 11h50 (fermeture du Sporticaux \u00e0 12h) pour la s\u00e9ance du dimanche.<\/li>\n\n\n\n<li>Pour le bien de tous, les adh\u00e9rents participent au montage et au d\u00e9montage du mat\u00e9riel.<\/li>\n\n\n\n<li>P\u00e9riode d\u2019essai&nbsp;:&nbsp; Celle-ci est de 15 jours.&nbsp;<\/li>\n<\/ol>\n\n\n\n<p><strong>Nota<\/strong><\/p>\n\n\n\n<h5 class=\"wp-block-heading\">L\u2019inscription sera effective une fois le retour du bulletin d\u2019inscription d\u00fbment rempli, accompagn\u00e9 du certificat m\u00e9dical et du r\u00e8glement de la cotisation.<\/h5>\n\n\n\n<p>Les informations sur la vie du club circuleront par mail et sur la page Facebook.<\/p>\n\n\n\n<p><\/p>\n\n\n\n<p>Vous trouverez ci-dessous une annexe de la convention entre le club et la Mairie concernant les consignes de s\u00e9curit\u00e9 \u00e0 appliquer au sein du Sporticaux :<\/p>\n\n\n\n<figure class=\"wp-block-image size-full\"><img loading=\"lazy\" decoding=\"async\" width=\"525\" height=\"781\" src=\"http:\/\/cbc76.fr\/wp-content\/uploads\/2024\/01\/2024-01-19_09h28_51.png\" alt=\"Annexe consignes s\u00e9curit\u00e9 Sporticaux\" class=\"wp-image-67\" srcset=\"https:\/\/cbc76.fr\/wp-content\/uploads\/2024\/01\/2024-01-19_09h28_51.png 525w, https:\/\/cbc76.fr\/wp-content\/uploads\/2024\/01\/2024-01-19_09h28_51-202x300.png 202w\" sizes=\"auto, (max-width: 525px) 100vw, 525px\" \/><\/figure>\n\n\n\n<figure class=\"wp-block-image size-large\"><img loading=\"lazy\" decoding=\"async\" width=\"1024\" height=\"657\" src=\"http:\/\/cbc76.fr\/wp-content\/uploads\/2024\/01\/2024-01-19_09h29_50-1024x657.png\" alt=\"2024 Consignes de s\u00e9curite\" class=\"wp-image-68\" srcset=\"https:\/\/cbc76.fr\/wp-content\/uploads\/2024\/01\/2024-01-19_09h29_50-1024x657.png 1024w, https:\/\/cbc76.fr\/wp-content\/uploads\/2024\/01\/2024-01-19_09h29_50-300x193.png 300w, https:\/\/cbc76.fr\/wp-content\/uploads\/2024\/01\/2024-01-19_09h29_50-768x493.png 768w, https:\/\/cbc76.fr\/wp-content\/uploads\/2024\/01\/2024-01-19_09h29_50.png 1027w\" sizes=\"auto, (max-width: 1024px) 100vw, 1024px\" \/><\/figure>\n","protected":false},"excerpt":{"rendered":"<p>Nota L\u2019inscription sera effective une fois le retour du bulletin d\u2019inscription d\u00fbment rempli, accompagn\u00e9 du certificat m\u00e9dical et du r\u00e8glement de la cotisation. Les informations sur la vie du club circuleront par mail et sur la page Facebook. Vous trouverez ci-dessous une annexe de la convention entre le club et la Mairie concernant les consignes [&hellip;]<\/p>\n","protected":false},"author":1,"featured_media":0,"parent":0,"menu_order":0,"comment_status":"closed","ping_status":"closed","template":"","meta":{"footnotes":""},"class_list":["post-28","page","type-page","status-publish","hentry"],"_links":{"self":[{"href":"https:\/\/cbc76.fr\/index.php?rest_route=\/wp\/v2\/pages\/28","targetHints":{"allow":["GET"]}}],"collection":[{"href":"https:\/\/cbc76.fr\/index.php?rest_route=\/wp\/v2\/pages"}],"about":[{"href":"https:\/\/cbc76.fr\/index.php?rest_route=\/wp\/v2\/types\/page"}],"author":[{"embeddable":true,"href":"https:\/\/cbc76.fr\/index.php?rest_route=\/wp\/v2\/users\/1"}],"replies":[{"embeddable":true,"href":"https:\/\/cbc76.fr\/index.php?rest_route=%2Fwp%2Fv2%2Fcomments&post=28"}],"version-history":[{"count":5,"href":"https:\/\/cbc76.fr\/index.php?rest_route=\/wp\/v2\/pages\/28\/revisions"}],"predecessor-version":[{"id":70,"href":"https:\/\/cbc76.fr\/index.php?rest_route=\/wp\/v2\/pages\/28\/revisions\/70"}],"wp:attachment":[{"href":"https:\/\/cbc76.fr\/index.php?rest_route=%2Fwp%2Fv2%2Fmedia&parent=28"}],"curies":[{"name":"wp","href":"https:\/\/api.w.org\/{rel}","templated":true}]}}