{"id":19,"date":"2022-08-26T13:54:47","date_gmt":"2022-08-26T11:54:47","guid":{"rendered":"http:\/\/cbc76.fr\/?page_id=19"},"modified":"2023-09-24T20:06:39","modified_gmt":"2023-09-24T18:06:39","slug":"inscription","status":"publish","type":"page","link":"https:\/\/cbc76.fr\/?page_id=19","title":{"rendered":"Inscription"},"content":{"rendered":"\n<blockquote class=\"wp-block-quote is-layout-flow wp-block-quote-is-layout-flow\">\n<p>L&rsquo;inscription au club se fait directement sur place lors des s\u00e9ances. <\/p>\n\n\n\n<p>L&rsquo;inscription sera effective uniquement si la fiche ET le r\u00e8glement est fourni \u00e0 un membre du Bureau.<\/p>\n\n\n\n<p>Des exemplaires sont disponibles au Sporticaux lors des s\u00e9ances.<\/p>\n\n\n\n<p><a href=\"http:\/\/cbc76.fr\/wp-content\/uploads\/2023\/09\/CBCBulletinInscription-adulte-23-24.pdf\" data-type=\"link\" data-id=\"http:\/\/cbc76.fr\/wp-content\/uploads\/2023\/09\/CBCBulletinInscription-adulte-23-24.pdf\">Fiche d&rsquo;inscription Adulte &#8211; Ann\u00e9e 2023-2024<\/a><\/p>\n\n\n\n<p><a href=\"http:\/\/cbc76.fr\/wp-content\/uploads\/2023\/09\/CBCBulletinInscription-enfants-23-24.pdf\" data-type=\"link\" data-id=\"http:\/\/cbc76.fr\/wp-content\/uploads\/2023\/09\/CBCBulletinInscription-enfants-23-24.pdf\">Fiche d&rsquo;inscription Enfant &#8211; Ann\u00e9e 2023-2024<\/a><\/p>\n\n\n\n<p>Pour les personnes de passage, le club propose une cotisation plus faible : <\/p>\n\n\n\n<p><a href=\"http:\/\/cbc76.fr\/wp-content\/uploads\/2023\/09\/CBCBulletinInscription-visiteur-23-24.pdf\" data-type=\"link\" data-id=\"http:\/\/cbc76.fr\/wp-content\/uploads\/2023\/09\/CBCBulletinInscription-visiteur-23-24.pdf\">Fiche d&rsquo;inscription Visiteur &#8211; Ann\u00e9e 2023-2024<\/a><\/p>\n<\/blockquote>\n","protected":false},"excerpt":{"rendered":"<p>L&rsquo;inscription au club se fait directement sur place lors des s\u00e9ances. L&rsquo;inscription sera effective uniquement si la fiche ET le r\u00e8glement est fourni \u00e0 un membre du Bureau. Des exemplaires sont disponibles au Sporticaux lors des s\u00e9ances. Fiche d&rsquo;inscription Adulte &#8211; Ann\u00e9e 2023-2024 Fiche d&rsquo;inscription Enfant &#8211; Ann\u00e9e 2023-2024 Pour les personnes de passage, le [&hellip;]<\/p>\n","protected":false},"author":1,"featured_media":0,"parent":0,"menu_order":0,"comment_status":"closed","ping_status":"closed","template":"","meta":{"footnotes":""},"class_list":["post-19","page","type-page","status-publish","hentry"],"_links":{"self":[{"href":"https:\/\/cbc76.fr\/index.php?rest_route=\/wp\/v2\/pages\/19","targetHints":{"allow":["GET"]}}],"collection":[{"href":"https:\/\/cbc76.fr\/index.php?rest_route=\/wp\/v2\/pages"}],"about":[{"href":"https:\/\/cbc76.fr\/index.php?rest_route=\/wp\/v2\/types\/page"}],"author":[{"embeddable":true,"href":"https:\/\/cbc76.fr\/index.php?rest_route=\/wp\/v2\/users\/1"}],"replies":[{"embeddable":true,"href":"https:\/\/cbc76.fr\/index.php?rest_route=%2Fwp%2Fv2%2Fcomments&post=19"}],"version-history":[{"count":6,"href":"https:\/\/cbc76.fr\/index.php?rest_route=\/wp\/v2\/pages\/19\/revisions"}],"predecessor-version":[{"id":63,"href":"https:\/\/cbc76.fr\/index.php?rest_route=\/wp\/v2\/pages\/19\/revisions\/63"}],"wp:attachment":[{"href":"https:\/\/cbc76.fr\/index.php?rest_route=%2Fwp%2Fv2%2Fmedia&parent=19"}],"curies":[{"name":"wp","href":"https:\/\/api.w.org\/{rel}","templated":true}]}}