{"id":17,"date":"2022-08-26T13:53:17","date_gmt":"2022-08-26T11:53:17","guid":{"rendered":"http:\/\/cbc76.fr\/?page_id=17"},"modified":"2022-08-29T13:10:01","modified_gmt":"2022-08-29T11:10:01","slug":"la-pratique-du-badminton","status":"publish","type":"page","link":"https:\/\/cbc76.fr\/?page_id=17","title":{"rendered":"La Pratique du Badminton"},"content":{"rendered":"\n<h3 class=\"wp-block-heading\">Le score<\/h3>\n\n\n\n<p>Un match se joue au meilleur de 3 sets de 21 points chacun\u00a0: le joueur ou l\u2019\u00e9quipe qui remporte\u00a02 sets, gagne le match. Celui qui gagne un \u00e9change ajoute un point \u00e0 son score.<br>\u00c0 20-20, le set est prolong\u00e9\u00a0: le camp qui m\u00e8ne avec 2 points d\u2019\u00e9cart remporte le set (exemple\u00a0: 22-20, 28-26).<br>\u00c0 29-29, c\u2019est celui qui marque le\u00a030<sup>e<\/sup>\u00a0point qui remporte le set.<br>Le joueur ou l\u2019\u00e9quipe gagnant un set sert en premier dans le set suivant.<br>Ce syst\u00e8me de comptage est valable pour les 5 disciplines du badminton\u00a0: simple hommes, simple dames, double hommes, double dames et double mixte.<\/p>\n\n\n\n<h3 class=\"wp-block-heading\">Les limites du terrain<\/h3>\n\n\n\n<p>Toutes les lignes font partie de la zone qu\u2019elles d\u00e9limitent.<\/p>\n\n\n\n<p>Le terrain doit \u00eatre un rectangle (dont les dimensions sont pr\u00e9cis\u00e9es dans la section sur&nbsp;<a href=\"https:\/\/fr.wikipedia.org\/wiki\/Badminton#Le_terrain\">le terrain<\/a>) trac\u00e9 avec des lignes d\u2019une largeur de&nbsp;40&nbsp;mm.<\/p>\n\n\n\n<figure class=\"wp-block-table\"><table><tbody><tr><td>En simple, les couloirs lat\u00e9raux ne font pas partie du terrain.<br>La zone de service est d\u00e9limit\u00e9e par&nbsp;:la ligne m\u00e9diane&nbsp;;la ligne de service court, situ\u00e9e \u00e0 environ&nbsp;2&nbsp;m&nbsp;du filet&nbsp;;la ligne int\u00e9rieure du couloir lat\u00e9ral&nbsp;;la ligne de fond de court.<\/td><td>En double, les \u00e9quipes s\u2019affrontent sur la totalit\u00e9 du terrain, le couloir compte.<br>La zone de service est d\u00e9limit\u00e9e par&nbsp;:la ligne m\u00e9diane&nbsp;;la ligne de service court&nbsp;;la ligne ext\u00e9rieure du couloir lat\u00e9ral&nbsp;;la ligne de service long de double, situ\u00e9e \u00e0 l\u2019int\u00e9rieur du terrain, \u00e0&nbsp;72&nbsp;cm&nbsp;de la ligne de fond de court.<\/td><\/tr><\/tbody><\/table><\/figure>\n\n\n\n<ul class=\"wp-block-list\"><li><a href=\"https:\/\/commons.wikimedia.org\/wiki\/File:Badminton_Spielfeld_Einzel.png?uselang=fr\"><\/a>Limites du terrain en simple<\/li><\/ul>\n\n\n\n<figure class=\"wp-block-image size-full\"><img loading=\"lazy\" decoding=\"async\" width=\"520\" height=\"580\" src=\"http:\/\/cbc76.fr\/wp-content\/uploads\/2022\/08\/Badminton_Spielfeld_Einzel.png\" alt=\"\" class=\"wp-image-25\" srcset=\"https:\/\/cbc76.fr\/wp-content\/uploads\/2022\/08\/Badminton_Spielfeld_Einzel.png 520w, https:\/\/cbc76.fr\/wp-content\/uploads\/2022\/08\/Badminton_Spielfeld_Einzel-269x300.png 269w\" sizes=\"auto, (max-width: 520px) 100vw, 520px\" \/><\/figure>\n\n\n\n<ul class=\"wp-block-list\"><li><a href=\"https:\/\/commons.wikimedia.org\/wiki\/File:Badminton_Spielfeld_Doppel.png?uselang=fr\"><\/a>Limites du terrain en double<\/li><\/ul>\n\n\n\n<figure class=\"wp-block-image size-full\"><img loading=\"lazy\" decoding=\"async\" width=\"520\" height=\"580\" src=\"http:\/\/cbc76.fr\/wp-content\/uploads\/2022\/08\/Badminton_Spielfeld_Doppel.png\" alt=\"\" class=\"wp-image-24\" srcset=\"https:\/\/cbc76.fr\/wp-content\/uploads\/2022\/08\/Badminton_Spielfeld_Doppel.png 520w, https:\/\/cbc76.fr\/wp-content\/uploads\/2022\/08\/Badminton_Spielfeld_Doppel-269x300.png 269w\" sizes=\"auto, (max-width: 520px) 100vw, 520px\" \/><\/figure>\n\n\n\n<ul class=\"wp-block-list\"><li><a href=\"https:\/\/commons.wikimedia.org\/wiki\/File:Badminton_Serve_Double.png?uselang=fr\"><\/a>Zones de service en double<\/li><\/ul>\n\n\n\n<figure class=\"wp-block-image size-full\"><img loading=\"lazy\" decoding=\"async\" width=\"320\" height=\"350\" src=\"http:\/\/cbc76.fr\/wp-content\/uploads\/2022\/08\/Badminton_Serve_Double.png\" alt=\"\" class=\"wp-image-26\" srcset=\"https:\/\/cbc76.fr\/wp-content\/uploads\/2022\/08\/Badminton_Serve_Double.png 320w, https:\/\/cbc76.fr\/wp-content\/uploads\/2022\/08\/Badminton_Serve_Double-274x300.png 274w\" sizes=\"auto, (max-width: 320px) 100vw, 320px\" \/><\/figure>\n\n\n\n<p>Dans les cat\u00e9gories MiniBad (moins de 9 ans) et poussin (9-10 ans), les joueurs \u00e9voluent sur un terrain adapt\u00e9, le m\u00eame que les autres joueurs \u00e0 la seule diff\u00e9rence que le terrain s\u2019arr\u00eate \u00e0 la ligne externe au fond (au service et pendant le jeu en doubles \u00e9galement).<\/p>\n\n\n\n<h3 class=\"wp-block-heading\">Placement des joueurs<\/h3>\n\n\n\n<p>\u00c0 un score pair, le joueur se place sur le demi-terrain de droite&nbsp;; si le score est impair, il se place dans le demi-terrain de gauche.<\/p>\n\n\n\n<h3 class=\"wp-block-heading\">En simple<\/h3>\n\n\n\n<p>Au d\u00e9but du set et chaque fois que le score du serveur est pair, le serveur sert \u00e0 droite. Si le score du serveur est impair il sert \u00e0 gauche. Le serveur doit toujours servir en crois\u00e9. Si le serveur gagne l\u2019\u00e9change, il marque le point et sert dans la zone alternative (\u00e0 gauche s\u2019il a servi \u00e0 droite ou \u00e0 droite s\u2019il a servi \u00e0 gauche). Si le receveur gagne l\u2019\u00e9change, il marque un point et prend le service.<\/p>\n\n\n\n<h3 class=\"wp-block-heading\">En double<\/h3>\n\n\n\n<p>Contrairement aux anciennes r\u00e8gles, il n\u2019y a plus qu\u2019une seule main. Cela signifie que lorsqu\u2019une \u00e9quipe prend le service, il n\u2019y a qu\u2019un joueur qui sert. Si l\u2019\u00e9change est perdu, il n\u2019y a pas de second service mais le service revient \u00e0 l\u2019adversaire. En double les joueurs doivent servir crois\u00e9 mais ils n\u2019ont pas le droit de servir dans le couloir du fond de court, sinon le volant est alors faute et le point revient \u00e0 l\u2019\u00e9quipe adverse.<\/p>\n\n\n\n<p>Au d\u00e9but du set et quand son score est pair, le serveur sert depuis la zone de droite. Quand le score du serveur est impair, il sert depuis la zone de gauche. Lorsque le camp du serveur gagne l\u2019\u00e9change, celui-ci marque un point et le m\u00eame serveur sert depuis l\u2019autre zone de service. Si c\u2019est le camp du receveur qui gagne l\u2019\u00e9change, c\u2019est lui qui marque un point. Le camp du receveur devient serveur. Les positions (du c\u00f4t\u00e9 gagnant et du c\u00f4t\u00e9 perdant) restent alors inchang\u00e9es.<\/p>\n\n\n\n<h3 class=\"wp-block-heading\">Le service<\/h3>\n\n\n\n<p>Au service, le serveur n\u2019a le droit qu\u2019\u00e0 un seul essai, et doit toujours servir en diagonale.<\/p>\n\n\n\n<p>Il y a faute au service si le serveur manque le volant ou s\u2019il ne respecte pas l\u2019un des points suivants&nbsp;:<\/p>\n\n\n\n<ul class=\"wp-block-list\"><li>le serveur doit \u00eatre dans sa zone de service sans marcher sur les lignes&nbsp;;<\/li><li>pendant l\u2019ex\u00e9cution du service, serveur et receveur doivent rester en contact avec le sol (sur la plante ou sur la pointe du pied) lors de l\u2019impact avant le volant&nbsp;;<\/li><li>au moment de la frappe, la tige de la raquette doit \u00eatre inclin\u00e9e vers le bas&nbsp;;<\/li><li>le volant en entier doit \u00eatre frapp\u00e9 sous la taille du serveur, la taille \u00e9tant une ligne imaginaire situ\u00e9e au niveau de la partie la plus basse de la derni\u00e8re c\u00f4te du serveur&nbsp;;<\/li><li>le mouvement de la raquette doit \u00eatre continu et aller vers l\u2019avant (une fois que le geste est commenc\u00e9)&nbsp;;<\/li><li>la raquette du serveur doit frapper en premier la base du volant. Autrement dit, le volant ne doit pas \u00eatre frapp\u00e9 au niveau des plumes.<\/li><\/ul>\n\n\n\n<p>Il est \u00e0 noter que, contrairement au tennis, il n\u2019y a pas de&nbsp;<em>let<\/em>&nbsp;au service&nbsp;: on ne rejoue jamais un service (sauf en cas de litige), m\u00eame si le volant a touch\u00e9 le filet.<\/p>\n\n\n\n<h3 class=\"wp-block-heading\">Les fautes<\/h3>\n\n\n\n<p>Il y a faute&nbsp;:<\/p>\n\n\n\n<ul class=\"wp-block-list\"><li>si le service n\u2019est pas correct;<\/li><li>si, au service, le volant&nbsp;:<ul><li>est pris sur le filet et reste suspendu au filet,<\/li><li>apr\u00e8s \u00eatre pass\u00e9 au-dessus du filet, est pris dans le filet,<\/li><li>est frapp\u00e9 par le partenaire du receveur&nbsp;;<\/li><\/ul><\/li><li>si, en jeu, le volant&nbsp;:<ul><li>tombe en dehors des limites du terrain (c\u2019est-\u00e0-dire ni sur les lignes ni \u00e0 l\u2019int\u00e9rieur du terrain qu\u2019elles d\u00e9limitent),<\/li><li>passe \u00e0 travers ou bien sous le filet,<\/li><li>ne r\u00e9ussit pas \u00e0 passer au-dessus du filet,<\/li><li>touche le plafond ou bien les murs lat\u00e9raux,<\/li><li>touche le corps ou les v\u00eatements d\u2019un joueur,<\/li><li>touche n\u2019importe quel autre objet ou personne en dehors des limites du terrain,<\/li><li>est attrap\u00e9 et tenu sur la raquette puis lanc\u00e9 lors de l\u2019ex\u00e9cution d\u2019un coup,<\/li><li>est frapp\u00e9 deux fois de suite par le m\u00eame joueur,<\/li><li>est frapp\u00e9 successivement par un joueur et son partenaire,<\/li><li>touche la raquette d\u2019un joueur et ne continue pas vers le demi-terrain de l\u2019adversaire&nbsp;;<\/li><\/ul><\/li><li>si, pendant que le volant est en jeu, un joueur&nbsp;:<ul><li>touche le filet ou ses supports avec sa raquette, son corps ou ses v\u00eatements,<\/li><li>envahit le terrain de l\u2019adversaire, par-dessus le filet, avec sa raquette ou une partie de son corps. Le joueur a le droit de \u00ab&nbsp;suivre&nbsp;\u00bb le volant par-dessus le filet avec sa raquette, au cours de l\u2019ex\u00e9cution d\u2019un coup, si le point de contact initial avec le volant a \u00e9t\u00e9 du c\u00f4t\u00e9 du filet o\u00f9 se trouve le joueur qui frappe le volant,<\/li><li>envahit le terrain de l\u2019adversaire, par-dessous le filet, avec sa raquette ou une partie de son corps, de telle fa\u00e7on que l\u2019adversaire est g\u00ean\u00e9 ou distrait,<\/li><li>fait obstruction vis-\u00e0-vis de l\u2019adversaire, c\u2019est-\u00e0-dire emp\u00eache son adversaire de faire un geste autoris\u00e9 lorsque le volant est suivi par-dessus le filet,<\/li><li>cause d\u00e9lib\u00e9r\u00e9ment une distraction d\u2019un adversaire de quelque fa\u00e7on que ce soit, par des cris ou par des gestes par exemple&nbsp;;<\/li><\/ul><\/li><li>si un joueur est coupable d\u2019une infraction flagrante, r\u00e9p\u00e9t\u00e9e ou persistante (cf. sanctions ci-dessous).<\/li><\/ul>\n\n\n\n<h3 class=\"wp-block-heading\">Arr\u00eat de l\u2019\u00e9change (let)<\/h3>\n\n\n\n<p>Un let est annonc\u00e9 par l\u2019arbitre ou par un joueur pour stopper le jeu. Il y a \u00ab&nbsp;let&nbsp;\u00bb si&nbsp;:<\/p>\n\n\n\n<ul class=\"wp-block-list\"><li>le serveur sert avant que le receveur ne soit pr\u00eat (sauf si ce dernier tente de jouer le volant)&nbsp;;<\/li><li>le receveur et le serveur commettent tous les deux une faute lors de l\u2019ex\u00e9cution du service&nbsp;;<\/li><li>apr\u00e8s que le service a \u00e9t\u00e9 renvoy\u00e9, le volant est pris sur le filet et reste suspendu au filet, ou apr\u00e8s avoir franchi le filet, est pris dans le filet&nbsp;;<\/li><li>pendant l\u2019\u00e9change, le volant se d\u00e9sint\u00e8gre et la base se s\u00e9pare compl\u00e8tement du reste du volant&nbsp;;<\/li><li>le jeu est perturb\u00e9 ou bien un joueur de l\u2019\u00e9quipe adverse est distrait par un coach&nbsp;;<\/li><li>un juge de ligne n\u2019a pas pu voir le volant tomber et l\u2019arbitre est dans l\u2019impossibilit\u00e9 de prendre une d\u00e9cision&nbsp;;<\/li><li>une situation quelconque impr\u00e9visible ou accidentelle s\u2019est produite.<\/li><\/ul>\n","protected":false},"excerpt":{"rendered":"<p>Le score Un match se joue au meilleur de 3 sets de 21 points chacun\u00a0: le joueur ou l\u2019\u00e9quipe qui remporte\u00a02 sets, gagne le match. Celui qui gagne un \u00e9change ajoute un point \u00e0 son score.\u00c0 20-20, le set est prolong\u00e9\u00a0: le camp qui m\u00e8ne avec 2 points d\u2019\u00e9cart remporte le set (exemple\u00a0: 22-20, 28-26).\u00c0 [&hellip;]<\/p>\n","protected":false},"author":1,"featured_media":0,"parent":0,"menu_order":0,"comment_status":"closed","ping_status":"closed","template":"","meta":{"footnotes":""},"class_list":["post-17","page","type-page","status-publish","hentry"],"_links":{"self":[{"href":"https:\/\/cbc76.fr\/index.php?rest_route=\/wp\/v2\/pages\/17","targetHints":{"allow":["GET"]}}],"collection":[{"href":"https:\/\/cbc76.fr\/index.php?rest_route=\/wp\/v2\/pages"}],"about":[{"href":"https:\/\/cbc76.fr\/index.php?rest_route=\/wp\/v2\/types\/page"}],"author":[{"embeddable":true,"href":"https:\/\/cbc76.fr\/index.php?rest_route=\/wp\/v2\/users\/1"}],"replies":[{"embeddable":true,"href":"https:\/\/cbc76.fr\/index.php?rest_route=%2Fwp%2Fv2%2Fcomments&post=17"}],"version-history":[{"count":3,"href":"https:\/\/cbc76.fr\/index.php?rest_route=\/wp\/v2\/pages\/17\/revisions"}],"predecessor-version":[{"id":27,"href":"https:\/\/cbc76.fr\/index.php?rest_route=\/wp\/v2\/pages\/17\/revisions\/27"}],"wp:attachment":[{"href":"https:\/\/cbc76.fr\/index.php?rest_route=%2Fwp%2Fv2%2Fmedia&parent=17"}],"curies":[{"name":"wp","href":"https:\/\/api.w.org\/{rel}","templated":true}]}}